{"id":187,"date":"2025-05-19T09:28:24","date_gmt":"2025-05-19T09:28:24","guid":{"rendered":"https:\/\/pettuseinfo.ee\/avaleht\/"},"modified":"2026-02-27T13:00:27","modified_gmt":"2026-02-27T13:00:27","slug":"avaleht","status":"publish","type":"page","link":"https:\/\/pettuseinfo.ee\/ru\/","title":{"rendered":"Avaleht"},"content":{"rendered":"","protected":false},"excerpt":{"rendered":"","protected":false},"author":1,"featured_media":0,"parent":0,"menu_order":0,"comment_status":"closed","ping_status":"open","template":"templates\/template_home.php","meta":{"_acf_changed":false,"footnotes":""},"class_list":["post-187","page","type-page","status-publish","hentry"],"acf":[],"yoast_head":"<!-- This site is optimized with the Yoast SEO plugin v25.2 - https:\/\/yoast.com\/wordpress\/plugins\/seo\/ -->\n<title>\u0423 \u043c\u043e\u0448\u0435\u043d\u043d\u0438\u043a\u0430 \u043c\u043d\u043e\u0433\u043e \u043b\u0438\u0446<\/title>\n<meta name=\"description\" content=\"\u041f\u043e\u0447\u0442\u0438 \u0435\u0436\u0435\u0434\u043d\u0435\u0432\u043d\u043e \u043a\u0442\u043e-\u0442\u043e \u0432 \u042d\u0441\u0442\u043e\u043d\u0438\u0438 \u0441\u0442\u0430\u043d\u043e\u0432\u0438\u0442\u0441\u044f \u0436\u0435\u0440\u0442\u0432\u043e\u0439 \u0444\u0438\u043d\u0430\u043d\u0441\u043e\u0432\u043e\u0433\u043e \u043c\u043e\u0448\u0435\u043d\u043d\u0438\u0447\u0435\u0441\u0442\u0432\u0430. \u0421\u0432\u043e\u0435\u0439 \u043f\u0440\u0438\u044f\u0442\u043d\u043e\u0439 \u0438 \u043f\u0440\u043e\u0444\u0435\u0441\u0441\u0438\u043e\u043d\u0430\u043b\u044c\u043d\u043e\u0439 \u0431\u0435\u0441\u0435\u0434\u043e\u0439 \u043c\u043e\u0448\u0435\u043d\u043d\u0438\u043a\u0438 \u0432\u044b\u043c\u0430\u043d\u0438\u0432\u0430\u044e\u0442 \u0434\u0435\u043d\u044c\u0433\u0438 \u043a\u0430\u043a \u043f\u043e \u0442\u0435\u043b\u0435\u0444\u043e\u043d\u0443, \u0442\u0430\u043a \u0438 \u0432 \u0438\u043d\u0442\u0435\u0440\u043d\u0435\u0442\u0435. \u0411\u0443\u0434\u044c \u0443 \u0432\u0430\u0441 \u043f\u0430\u0440\u0430 \u0441\u043e\u0442\u0435\u043d \u0438\u043b\u0438 \u0434\u0435\u0441\u044f\u0442\u043a\u0438 \u0442\u044b\u0441\u044f\u0447 \u0435\u0432\u0440\u043e \u2013 \u0438\u0445 \u0438\u043d\u0442\u0435\u0440\u0435\u0441\u0443\u0435\u0442 \u043a\u0430\u0436\u0434\u044b\u0439 \u0446\u0435\u043d\u0442.\" \/>\n<meta name=\"robots\" content=\"index, follow, max-snippet:-1, max-image-preview:large, max-video-preview:-1\" \/>\n<link rel=\"canonical\" href=\"https:\/\/pettuseinfo.ee\/ru\/\" \/>\n<meta property=\"og:locale\" content=\"ru_RU\" \/>\n<meta property=\"og:type\" content=\"article\" \/>\n<meta property=\"og:title\" content=\"\u0423 \u043c\u043e\u0448\u0435\u043d\u043d\u0438\u043a\u0430 \u043c\u043d\u043e\u0433\u043e \u043b\u0438\u0446\" \/>\n<meta property=\"og:description\" content=\"\u041f\u043e\u0447\u0442\u0438 \u0435\u0436\u0435\u0434\u043d\u0435\u0432\u043d\u043e \u043a\u0442\u043e-\u0442\u043e \u0432 \u042d\u0441\u0442\u043e\u043d\u0438\u0438 \u0441\u0442\u0430\u043d\u043e\u0432\u0438\u0442\u0441\u044f \u0436\u0435\u0440\u0442\u0432\u043e\u0439 \u0444\u0438\u043d\u0430\u043d\u0441\u043e\u0432\u043e\u0433\u043e \u043c\u043e\u0448\u0435\u043d\u043d\u0438\u0447\u0435\u0441\u0442\u0432\u0430. \u0421\u0432\u043e\u0435\u0439 \u043f\u0440\u0438\u044f\u0442\u043d\u043e\u0439 \u0438 \u043f\u0440\u043e\u0444\u0435\u0441\u0441\u0438\u043e\u043d\u0430\u043b\u044c\u043d\u043e\u0439 \u0431\u0435\u0441\u0435\u0434\u043e\u0439 \u043c\u043e\u0448\u0435\u043d\u043d\u0438\u043a\u0438 \u0432\u044b\u043c\u0430\u043d\u0438\u0432\u0430\u044e\u0442 \u0434\u0435\u043d\u044c\u0433\u0438 \u043a\u0430\u043a \u043f\u043e \u0442\u0435\u043b\u0435\u0444\u043e\u043d\u0443, \u0442\u0430\u043a \u0438 \u0432 \u0438\u043d\u0442\u0435\u0440\u043d\u0435\u0442\u0435. \u0411\u0443\u0434\u044c \u0443 \u0432\u0430\u0441 \u043f\u0430\u0440\u0430 \u0441\u043e\u0442\u0435\u043d \u0438\u043b\u0438 \u0434\u0435\u0441\u044f\u0442\u043a\u0438 \u0442\u044b\u0441\u044f\u0447 \u0435\u0432\u0440\u043e \u2013 \u0438\u0445 \u0438\u043d\u0442\u0435\u0440\u0435\u0441\u0443\u0435\u0442 \u043a\u0430\u0436\u0434\u044b\u0439 \u0446\u0435\u043d\u0442.\" \/>\n<meta property=\"og:url\" content=\"https:\/\/pettuseinfo.ee\/ru\/\" \/>\n<meta property=\"og:site_name\" content=\"Pettuseinfo\" \/>\n<meta property=\"article:modified_time\" content=\"2026-02-27T13:00:27+00:00\" \/>\n<meta property=\"og:image\" content=\"https:\/\/pettuseinfo.ee\/wp-content\/uploads\/2025\/05\/metapilt.png\" \/>\n\t<meta property=\"og:image:width\" content=\"1200\" \/>\n\t<meta property=\"og:image:height\" content=\"630\" \/>\n\t<meta property=\"og:image:type\" content=\"image\/png\" \/>\n<meta name=\"twitter:card\" content=\"summary_large_image\" \/>\n<meta name=\"twitter:label1\" content=\"\u041f\u0440\u0438\u043c\u0435\u0440\u043d\u043e\u0435 \u0432\u0440\u0435\u043c\u044f \u0434\u043b\u044f \u0447\u0442\u0435\u043d\u0438\u044f\" \/>\n\t<meta name=\"twitter:data1\" content=\"6 \u043c\u0438\u043d\u0443\u0442\" \/>\n<script type=\"application\/ld+json\" class=\"yoast-schema-graph\">{\"@context\":\"https:\/\/schema.org\",\"@graph\":[{\"@type\":\"WebPage\",\"@id\":\"https:\/\/pettuseinfo.ee\/ru\/\",\"url\":\"https:\/\/pettuseinfo.ee\/ru\/\",\"name\":\"\u0423 \u043c\u043e\u0448\u0435\u043d\u043d\u0438\u043a\u0430 \u043c\u043d\u043e\u0433\u043e \u043b\u0438\u0446\",\"isPartOf\":{\"@id\":\"https:\/\/pettuseinfo.ee\/ru\/#website\"},\"datePublished\":\"2025-05-19T09:28:24+00:00\",\"dateModified\":\"2026-02-27T13:00:27+00:00\",\"description\":\"\u041f\u043e\u0447\u0442\u0438 \u0435\u0436\u0435\u0434\u043d\u0435\u0432\u043d\u043e \u043a\u0442\u043e-\u0442\u043e \u0432 \u042d\u0441\u0442\u043e\u043d\u0438\u0438 \u0441\u0442\u0430\u043d\u043e\u0432\u0438\u0442\u0441\u044f \u0436\u0435\u0440\u0442\u0432\u043e\u0439 \u0444\u0438\u043d\u0430\u043d\u0441\u043e\u0432\u043e\u0433\u043e \u043c\u043e\u0448\u0435\u043d\u043d\u0438\u0447\u0435\u0441\u0442\u0432\u0430. \u0421\u0432\u043e\u0435\u0439 \u043f\u0440\u0438\u044f\u0442\u043d\u043e\u0439 \u0438 \u043f\u0440\u043e\u0444\u0435\u0441\u0441\u0438\u043e\u043d\u0430\u043b\u044c\u043d\u043e\u0439 \u0431\u0435\u0441\u0435\u0434\u043e\u0439 \u043c\u043e\u0448\u0435\u043d\u043d\u0438\u043a\u0438 \u0432\u044b\u043c\u0430\u043d\u0438\u0432\u0430\u044e\u0442 \u0434\u0435\u043d\u044c\u0433\u0438 \u043a\u0430\u043a \u043f\u043e \u0442\u0435\u043b\u0435\u0444\u043e\u043d\u0443, \u0442\u0430\u043a \u0438 \u0432 \u0438\u043d\u0442\u0435\u0440\u043d\u0435\u0442\u0435. \u0411\u0443\u0434\u044c \u0443 \u0432\u0430\u0441 \u043f\u0430\u0440\u0430 \u0441\u043e\u0442\u0435\u043d \u0438\u043b\u0438 \u0434\u0435\u0441\u044f\u0442\u043a\u0438 \u0442\u044b\u0441\u044f\u0447 \u0435\u0432\u0440\u043e \u2013 \u0438\u0445 \u0438\u043d\u0442\u0435\u0440\u0435\u0441\u0443\u0435\u0442 \u043a\u0430\u0436\u0434\u044b\u0439 \u0446\u0435\u043d\u0442.\",\"breadcrumb\":{\"@id\":\"https:\/\/pettuseinfo.ee\/ru\/#breadcrumb\"},\"inLanguage\":\"ru-RU\",\"potentialAction\":[{\"@type\":\"ReadAction\",\"target\":[\"https:\/\/pettuseinfo.ee\/ru\/\"]}]},{\"@type\":\"BreadcrumbList\",\"@id\":\"https:\/\/pettuseinfo.ee\/ru\/#breadcrumb\",\"itemListElement\":[{\"@type\":\"ListItem\",\"position\":1,\"name\":\"Home\",\"item\":\"https:\/\/pettuseinfo.ee\/ru\/\"},{\"@type\":\"ListItem\",\"position\":2,\"name\":\"Avaleht\"}]},{\"@type\":\"WebSite\",\"@id\":\"https:\/\/pettuseinfo.ee\/ru\/#website\",\"url\":\"https:\/\/pettuseinfo.ee\/ru\/\",\"name\":\"Petturil on mitu n\u00e4gu\",\"description\":\"V\u00f5ta aega ja kahtle, kontrolli, k\u00fcsi\",\"potentialAction\":[{\"@type\":\"SearchAction\",\"target\":{\"@type\":\"EntryPoint\",\"urlTemplate\":\"https:\/\/pettuseinfo.ee\/ru\/?s={search_term_string}\"},\"query-input\":{\"@type\":\"PropertyValueSpecification\",\"valueRequired\":true,\"valueName\":\"search_term_string\"}}],\"inLanguage\":\"ru-RU\"}]}<\/script>\n<!-- \/ Yoast SEO plugin. -->","yoast_head_json":{"title":"\u0423 \u043c\u043e\u0448\u0435\u043d\u043d\u0438\u043a\u0430 \u043c\u043d\u043e\u0433\u043e \u043b\u0438\u0446","description":"\u041f\u043e\u0447\u0442\u0438 \u0435\u0436\u0435\u0434\u043d\u0435\u0432\u043d\u043e \u043a\u0442\u043e-\u0442\u043e \u0432 \u042d\u0441\u0442\u043e\u043d\u0438\u0438 \u0441\u0442\u0430\u043d\u043e\u0432\u0438\u0442\u0441\u044f \u0436\u0435\u0440\u0442\u0432\u043e\u0439 \u0444\u0438\u043d\u0430\u043d\u0441\u043e\u0432\u043e\u0433\u043e \u043c\u043e\u0448\u0435\u043d\u043d\u0438\u0447\u0435\u0441\u0442\u0432\u0430. \u0421\u0432\u043e\u0435\u0439 \u043f\u0440\u0438\u044f\u0442\u043d\u043e\u0439 \u0438 \u043f\u0440\u043e\u0444\u0435\u0441\u0441\u0438\u043e\u043d\u0430\u043b\u044c\u043d\u043e\u0439 \u0431\u0435\u0441\u0435\u0434\u043e\u0439 \u043c\u043e\u0448\u0435\u043d\u043d\u0438\u043a\u0438 \u0432\u044b\u043c\u0430\u043d\u0438\u0432\u0430\u044e\u0442 \u0434\u0435\u043d\u044c\u0433\u0438 \u043a\u0430\u043a \u043f\u043e \u0442\u0435\u043b\u0435\u0444\u043e\u043d\u0443, \u0442\u0430\u043a \u0438 \u0432 \u0438\u043d\u0442\u0435\u0440\u043d\u0435\u0442\u0435. \u0411\u0443\u0434\u044c \u0443 \u0432\u0430\u0441 \u043f\u0430\u0440\u0430 \u0441\u043e\u0442\u0435\u043d \u0438\u043b\u0438 \u0434\u0435\u0441\u044f\u0442\u043a\u0438 \u0442\u044b\u0441\u044f\u0447 \u0435\u0432\u0440\u043e \u2013 \u0438\u0445 \u0438\u043d\u0442\u0435\u0440\u0435\u0441\u0443\u0435\u0442 \u043a\u0430\u0436\u0434\u044b\u0439 \u0446\u0435\u043d\u0442.","robots":{"index":"index","follow":"follow","max-snippet":"max-snippet:-1","max-image-preview":"max-image-preview:large","max-video-preview":"max-video-preview:-1"},"canonical":"https:\/\/pettuseinfo.ee\/ru\/","og_locale":"ru_RU","og_type":"article","og_title":"\u0423 \u043c\u043e\u0448\u0435\u043d\u043d\u0438\u043a\u0430 \u043c\u043d\u043e\u0433\u043e \u043b\u0438\u0446","og_description":"\u041f\u043e\u0447\u0442\u0438 \u0435\u0436\u0435\u0434\u043d\u0435\u0432\u043d\u043e \u043a\u0442\u043e-\u0442\u043e \u0432 \u042d\u0441\u0442\u043e\u043d\u0438\u0438 \u0441\u0442\u0430\u043d\u043e\u0432\u0438\u0442\u0441\u044f \u0436\u0435\u0440\u0442\u0432\u043e\u0439 \u0444\u0438\u043d\u0430\u043d\u0441\u043e\u0432\u043e\u0433\u043e \u043c\u043e\u0448\u0435\u043d\u043d\u0438\u0447\u0435\u0441\u0442\u0432\u0430. \u0421\u0432\u043e\u0435\u0439 \u043f\u0440\u0438\u044f\u0442\u043d\u043e\u0439 \u0438 \u043f\u0440\u043e\u0444\u0435\u0441\u0441\u0438\u043e\u043d\u0430\u043b\u044c\u043d\u043e\u0439 \u0431\u0435\u0441\u0435\u0434\u043e\u0439 \u043c\u043e\u0448\u0435\u043d\u043d\u0438\u043a\u0438 \u0432\u044b\u043c\u0430\u043d\u0438\u0432\u0430\u044e\u0442 \u0434\u0435\u043d\u044c\u0433\u0438 \u043a\u0430\u043a \u043f\u043e \u0442\u0435\u043b\u0435\u0444\u043e\u043d\u0443, \u0442\u0430\u043a \u0438 \u0432 \u0438\u043d\u0442\u0435\u0440\u043d\u0435\u0442\u0435. \u0411\u0443\u0434\u044c \u0443 \u0432\u0430\u0441 \u043f\u0430\u0440\u0430 \u0441\u043e\u0442\u0435\u043d \u0438\u043b\u0438 \u0434\u0435\u0441\u044f\u0442\u043a\u0438 \u0442\u044b\u0441\u044f\u0447 \u0435\u0432\u0440\u043e \u2013 \u0438\u0445 \u0438\u043d\u0442\u0435\u0440\u0435\u0441\u0443\u0435\u0442 \u043a\u0430\u0436\u0434\u044b\u0439 \u0446\u0435\u043d\u0442.","og_url":"https:\/\/pettuseinfo.ee\/ru\/","og_site_name":"Pettuseinfo","article_modified_time":"2026-02-27T13:00:27+00:00","og_image":[{"width":1200,"height":630,"url":"https:\/\/pettuseinfo.ee\/wp-content\/uploads\/2025\/05\/metapilt.png","type":"image\/png"}],"twitter_card":"summary_large_image","twitter_misc":{"\u041f\u0440\u0438\u043c\u0435\u0440\u043d\u043e\u0435 \u0432\u0440\u0435\u043c\u044f \u0434\u043b\u044f \u0447\u0442\u0435\u043d\u0438\u044f":"6 \u043c\u0438\u043d\u0443\u0442"},"schema":{"@context":"https:\/\/schema.org","@graph":[{"@type":"WebPage","@id":"https:\/\/pettuseinfo.ee\/ru\/","url":"https:\/\/pettuseinfo.ee\/ru\/","name":"\u0423 \u043c\u043e\u0448\u0435\u043d\u043d\u0438\u043a\u0430 \u043c\u043d\u043e\u0433\u043e \u043b\u0438\u0446","isPartOf":{"@id":"https:\/\/pettuseinfo.ee\/ru\/#website"},"datePublished":"2025-05-19T09:28:24+00:00","dateModified":"2026-02-27T13:00:27+00:00","description":"\u041f\u043e\u0447\u0442\u0438 \u0435\u0436\u0435\u0434\u043d\u0435\u0432\u043d\u043e \u043a\u0442\u043e-\u0442\u043e \u0432 \u042d\u0441\u0442\u043e\u043d\u0438\u0438 \u0441\u0442\u0430\u043d\u043e\u0432\u0438\u0442\u0441\u044f \u0436\u0435\u0440\u0442\u0432\u043e\u0439 \u0444\u0438\u043d\u0430\u043d\u0441\u043e\u0432\u043e\u0433\u043e \u043c\u043e\u0448\u0435\u043d\u043d\u0438\u0447\u0435\u0441\u0442\u0432\u0430. \u0421\u0432\u043e\u0435\u0439 \u043f\u0440\u0438\u044f\u0442\u043d\u043e\u0439 \u0438 \u043f\u0440\u043e\u0444\u0435\u0441\u0441\u0438\u043e\u043d\u0430\u043b\u044c\u043d\u043e\u0439 \u0431\u0435\u0441\u0435\u0434\u043e\u0439 \u043c\u043e\u0448\u0435\u043d\u043d\u0438\u043a\u0438 \u0432\u044b\u043c\u0430\u043d\u0438\u0432\u0430\u044e\u0442 \u0434\u0435\u043d\u044c\u0433\u0438 \u043a\u0430\u043a \u043f\u043e \u0442\u0435\u043b\u0435\u0444\u043e\u043d\u0443, \u0442\u0430\u043a \u0438 \u0432 \u0438\u043d\u0442\u0435\u0440\u043d\u0435\u0442\u0435. \u0411\u0443\u0434\u044c \u0443 \u0432\u0430\u0441 \u043f\u0430\u0440\u0430 \u0441\u043e\u0442\u0435\u043d \u0438\u043b\u0438 \u0434\u0435\u0441\u044f\u0442\u043a\u0438 \u0442\u044b\u0441\u044f\u0447 \u0435\u0432\u0440\u043e \u2013 \u0438\u0445 \u0438\u043d\u0442\u0435\u0440\u0435\u0441\u0443\u0435\u0442 \u043a\u0430\u0436\u0434\u044b\u0439 \u0446\u0435\u043d\u0442.","breadcrumb":{"@id":"https:\/\/pettuseinfo.ee\/ru\/#breadcrumb"},"inLanguage":"ru-RU","potentialAction":[{"@type":"ReadAction","target":["https:\/\/pettuseinfo.ee\/ru\/"]}]},{"@type":"BreadcrumbList","@id":"https:\/\/pettuseinfo.ee\/ru\/#breadcrumb","itemListElement":[{"@type":"ListItem","position":1,"name":"Home","item":"https:\/\/pettuseinfo.ee\/ru\/"},{"@type":"ListItem","position":2,"name":"Avaleht"}]},{"@type":"WebSite","@id":"https:\/\/pettuseinfo.ee\/ru\/#website","url":"https:\/\/pettuseinfo.ee\/ru\/","name":"Petturil on mitu n\u00e4gu","description":"V\u00f5ta aega ja kahtle, kontrolli, k\u00fcsi","potentialAction":[{"@type":"SearchAction","target":{"@type":"EntryPoint","urlTemplate":"https:\/\/pettuseinfo.ee\/ru\/?s={search_term_string}"},"query-input":{"@type":"PropertyValueSpecification","valueRequired":true,"valueName":"search_term_string"}}],"inLanguage":"ru-RU"}]}},"_links":{"self":[{"href":"https:\/\/pettuseinfo.ee\/ru\/wp-json\/wp\/v2\/pages\/187","targetHints":{"allow":["GET"]}}],"collection":[{"href":"https:\/\/pettuseinfo.ee\/ru\/wp-json\/wp\/v2\/pages"}],"about":[{"href":"https:\/\/pettuseinfo.ee\/ru\/wp-json\/wp\/v2\/types\/page"}],"author":[{"embeddable":true,"href":"https:\/\/pettuseinfo.ee\/ru\/wp-json\/wp\/v2\/users\/1"}],"replies":[{"embeddable":true,"href":"https:\/\/pettuseinfo.ee\/ru\/wp-json\/wp\/v2\/comments?post=187"}],"version-history":[{"count":10,"href":"https:\/\/pettuseinfo.ee\/ru\/wp-json\/wp\/v2\/pages\/187\/revisions"}],"predecessor-version":[{"id":356,"href":"https:\/\/pettuseinfo.ee\/ru\/wp-json\/wp\/v2\/pages\/187\/revisions\/356"}],"wp:attachment":[{"href":"https:\/\/pettuseinfo.ee\/ru\/wp-json\/wp\/v2\/media?parent=187"}],"curies":[{"name":"wp","href":"https:\/\/api.w.org\/{rel}","templated":true}]}}